{"id":68,"date":"2021-02-09T10:04:41","date_gmt":"2021-02-09T09:04:41","guid":{"rendered":"https:\/\/mecsekgyongye.hu\/about-2\/"},"modified":"2021-03-15T18:33:19","modified_gmt":"2021-03-15T17:33:19","slug":"a-mecsekgyongye-apartmanhaz-uzemeltetoi","status":"publish","type":"page","link":"https:\/\/mecsekgyongye.hu\/en\/a-mecsekgyongye-apartmanhaz-uzemeltetoi\/","title":{"rendered":"R\u00f3lunk"},"content":{"rendered":"<div data-elementor-type=\"wp-page\" data-elementor-id=\"68\" class=\"elementor elementor-68\">\n\t\t\t\t\t\t<section class=\"elementor-section elementor-top-section elementor-element elementor-element-9ae4f22 elementor-section-boxed elementor-section-height-default elementor-section-height-default\" data-id=\"9ae4f22\" data-element_type=\"section\" data-e-type=\"section\">\n\t\t\t\t\t\t<div class=\"elementor-container elementor-column-gap-default\">\n\t\t\t\t\t<div class=\"elementor-column elementor-col-50 elementor-top-column elementor-element elementor-element-2de8161\" data-id=\"2de8161\" data-element_type=\"column\" data-e-type=\"column\">\n\t\t\t<div class=\"elementor-widget-wrap elementor-element-populated\">\n\t\t\t\t\t\t<div class=\"elementor-element elementor-element-47a37ad elementor-widget elementor-widget-text-editor\" data-id=\"47a37ad\" data-element_type=\"widget\" data-e-type=\"widget\" data-widget_type=\"text-editor.default\">\n\t\t\t\t<div class=\"elementor-widget-container\">\n\t\t\t\t\t\t\t\t\t<h1><span style=\"font-size: 24pt;\">R\u00f3lunk<\/span><\/h1><p>V\u00e1llalkoz\u00f3 csal\u00e1d vagyunk. L\u00e1nyaink, Kitti (egyetemista), Kira (k\u00f6z\u00e9piskol\u00e1s). A csal\u00e1d minden tagja sportot \u00e9s term\u00e9szetet szert\u0151.<\/p><p><span style=\"font-size: inherit;\">Tev\u00e9kenys\u00e9geinket a min\u0151s\u00e9g-ig\u00e9nyess\u00e9g jellemzi:\u00a0<\/span><\/p><ul><li><span style=\"font-size: inherit;\">Robinson \u00e9tterem Hark\u00e1ny.\u00a0<\/span><\/li><li><span style=\"font-size: inherit;\"><a href=\"https:\/\/m.facebook.com\/Robinson-Beach-Cafe-1651802025038430\/?ref=page_internal&amp;mt_nav=0\" target=\"_blank\" rel=\"noopener\">Robinson Beach Cafe Hark\u00e1ny<\/a>\u00a0Strandf\u00fcrd\u0151 (szezon\u00e1lis, de nagyon klassz hely).\u00a0<\/span><\/li><li><span style=\"font-size: inherit;\"><a href=\"http:\/\/kloe.hu\">Klo\u00e9 Exlusive Woman Fashion P\u00e9cs<\/a>, egyedi tervez\u00e9s\u0171 alkalmi \u00e9s menyasszonyi ruh\u00e1kon k\u00edv\u00fcl, Olasz divat h\u00f6lgyeknek.\u00a0<\/span><\/li><li><span style=\"font-size: inherit;\"><a href=\"https:\/\/www.facebook.com\/ofshop.pecsarkad\" target=\"_blank\" rel=\"noopener\">OF Shop P\u00e9cs Plaza<\/a>\u00a0(Oakley, Fox, Pioneer, Gate1 \u00e9s Olasz divat f\u00e9rfiaknak).\u00a0<\/span><\/li><\/ul><div style=\"text-align: right;\">A Keresztes csal\u00e1d.<\/div>\t\t\t\t\t\t\t\t<\/div>\n\t\t\t\t<\/div>\n\t\t\t\t\t<\/div>\n\t\t<\/div>\n\t\t\t\t<div class=\"elementor-column elementor-col-50 elementor-top-column elementor-element elementor-element-4072914\" data-id=\"4072914\" data-element_type=\"column\" data-e-type=\"column\">\n\t\t\t<div class=\"elementor-widget-wrap elementor-element-populated\">\n\t\t\t\t\t\t<div class=\"elementor-element elementor-element-1a95de0 elementor-widget elementor-widget-image\" data-id=\"1a95de0\" data-element_type=\"widget\" data-e-type=\"widget\" data-widget_type=\"image.default\">\n\t\t\t\t<div class=\"elementor-widget-container\">\n\t\t\t\t\t\t\t\t\t\t\t\t\t\t\t<img fetchpriority=\"high\" decoding=\"async\" width=\"1536\" height=\"1536\" src=\"https:\/\/mecsekgyongye.hu\/wp-content\/uploads\/2021\/02\/csalad-2020-1536x1536.jpg\" class=\"attachment-1536x1536 size-1536x1536 wp-image-102\" alt=\"\" srcset=\"https:\/\/mecsekgyongye.hu\/wp-content\/uploads\/2021\/02\/csalad-2020-1536x1536.jpg 1536w, https:\/\/mecsekgyongye.hu\/wp-content\/uploads\/2021\/02\/csalad-2020-300x300.jpg 300w, https:\/\/mecsekgyongye.hu\/wp-content\/uploads\/2021\/02\/csalad-2020-1024x1024.jpg 1024w, https:\/\/mecsekgyongye.hu\/wp-content\/uploads\/2021\/02\/csalad-2020-150x150.jpg 150w, https:\/\/mecsekgyongye.hu\/wp-content\/uploads\/2021\/02\/csalad-2020-768x768.jpg 768w, https:\/\/mecsekgyongye.hu\/wp-content\/uploads\/2021\/02\/csalad-2020-2048x2048.jpg 2048w\" sizes=\"(max-width: 1536px) 100vw, 1536px\" \/>\t\t\t\t\t\t\t\t\t\t\t\t\t\t\t<\/div>\n\t\t\t\t<\/div>\n\t\t\t\t\t<\/div>\n\t\t<\/div>\n\t\t\t\t\t<\/div>\n\t\t<\/section>\n\t\t\t\t<\/div>","protected":false},"excerpt":{"rendered":"<p>R\u00f3lunk V\u00e1llalkoz\u00f3 csal\u00e1d vagyunk. L\u00e1nyaink, Kitti (egyetemista), Kira (k\u00f6z\u00e9piskol\u00e1s). A csal\u00e1d minden tagja sportot \u00e9s term\u00e9szetet szert\u0151. Tev\u00e9kenys\u00e9geinket a min\u0151s\u00e9g-ig\u00e9nyess\u00e9g jellemzi:\u00a0 Robinson \u00e9tterem Hark\u00e1ny.\u00a0 Robinson Beach Cafe Hark\u00e1ny\u00a0Strandf\u00fcrd\u0151 (szezon\u00e1lis, de nagyon klassz hely).\u00a0 Klo\u00e9 Exlusive Woman Fashion P\u00e9cs, egyedi tervez\u00e9s\u0171 alkalmi \u00e9s menyasszonyi ruh\u00e1kon k\u00edv\u00fcl, Olasz divat h\u00f6lgyeknek.\u00a0 OF Shop [&hellip;]<\/p>\n","protected":false},"author":1,"featured_media":0,"parent":0,"menu_order":0,"comment_status":"closed","ping_status":"closed","template":"elementor_header_footer","meta":{"footnotes":""},"class_list":["post-68","page","type-page","status-publish","hentry"],"yoast_head":"<!-- This site is optimized with the Yoast SEO plugin v27.5 - https:\/\/yoast.com\/product\/yoast-seo-wordpress\/ -->\n<title>R\u00f3lunk - Mecsekgy\u00f6ngye Apartmanh\u00e1z mecsekgyongye.hu Apartmanh\u00e1z<\/title>\n<meta name=\"description\" content=\"A Mecsekgy\u00f6ngye Apartmanh\u00e1z alap\u00edt\u00f3ir\u00f3l, csal\u00e1djukr\u00f3l \u00e9s a siker\u00fck titk\u00e1r\u00f3l...\" \/>\n<meta name=\"robots\" content=\"index, follow, max-snippet:-1, max-image-preview:large, max-video-preview:-1\" \/>\n<link rel=\"canonical\" href=\"https:\/\/mecsekgyongye.hu\/en\/a-mecsekgyongye-apartmanhaz-uzemeltetoi\/\" \/>\n<meta property=\"og:locale\" content=\"en_US\" \/>\n<meta property=\"og:type\" content=\"article\" \/>\n<meta property=\"og:title\" content=\"R\u00f3lunk - Mecsekgy\u00f6ngye Apartmanh\u00e1z mecsekgyongye.hu Apartmanh\u00e1z\" \/>\n<meta property=\"og:description\" content=\"A Mecsekgy\u00f6ngye Apartmanh\u00e1z alap\u00edt\u00f3ir\u00f3l, csal\u00e1djukr\u00f3l \u00e9s a siker\u00fck titk\u00e1r\u00f3l...\" \/>\n<meta property=\"og:url\" content=\"https:\/\/mecsekgyongye.hu\/en\/a-mecsekgyongye-apartmanhaz-uzemeltetoi\/\" \/>\n<meta property=\"og:site_name\" content=\"Mecsekgy\u00f6ngye Apartmanh\u00e1z\" \/>\n<meta property=\"article:modified_time\" content=\"2021-03-15T17:33:19+00:00\" \/>\n<meta property=\"og:image\" content=\"https:\/\/mecsekgyongye.hu\/wp-content\/uploads\/2021\/02\/csalad-2020-1536x1536.jpg\" \/>\n<meta name=\"twitter:card\" content=\"summary_large_image\" \/>\n<meta name=\"twitter:label1\" content=\"Est. reading time\" \/>\n\t<meta name=\"twitter:data1\" content=\"1 minute\" \/>\n<script type=\"application\/ld+json\" class=\"yoast-schema-graph\">{\"@context\":\"https:\\\/\\\/schema.org\",\"@graph\":[{\"@type\":\"WebPage\",\"@id\":\"https:\\\/\\\/mecsekgyongye.hu\\\/a-mecsekgyongye-apartmanhaz-uzemeltetoi\\\/\",\"url\":\"https:\\\/\\\/mecsekgyongye.hu\\\/a-mecsekgyongye-apartmanhaz-uzemeltetoi\\\/\",\"name\":\"R\u00f3lunk - Mecsekgy\u00f6ngye Apartmanh\u00e1z mecsekgyongye.hu Apartmanh\u00e1z\",\"isPartOf\":{\"@id\":\"https:\\\/\\\/mecsekgyongye.hu\\\/#website\"},\"primaryImageOfPage\":{\"@id\":\"https:\\\/\\\/mecsekgyongye.hu\\\/a-mecsekgyongye-apartmanhaz-uzemeltetoi\\\/#primaryimage\"},\"image\":{\"@id\":\"https:\\\/\\\/mecsekgyongye.hu\\\/a-mecsekgyongye-apartmanhaz-uzemeltetoi\\\/#primaryimage\"},\"thumbnailUrl\":\"https:\\\/\\\/mecsekgyongye.hu\\\/wp-content\\\/uploads\\\/2021\\\/02\\\/csalad-2020-1536x1536.jpg\",\"datePublished\":\"2021-02-09T09:04:41+00:00\",\"dateModified\":\"2021-03-15T17:33:19+00:00\",\"description\":\"A Mecsekgy\u00f6ngye Apartmanh\u00e1z alap\u00edt\u00f3ir\u00f3l, csal\u00e1djukr\u00f3l \u00e9s a siker\u00fck titk\u00e1r\u00f3l...\",\"breadcrumb\":{\"@id\":\"https:\\\/\\\/mecsekgyongye.hu\\\/a-mecsekgyongye-apartmanhaz-uzemeltetoi\\\/#breadcrumb\"},\"inLanguage\":\"en-US\",\"potentialAction\":[{\"@type\":\"ReadAction\",\"target\":[\"https:\\\/\\\/mecsekgyongye.hu\\\/a-mecsekgyongye-apartmanhaz-uzemeltetoi\\\/\"]}]},{\"@type\":\"ImageObject\",\"inLanguage\":\"en-US\",\"@id\":\"https:\\\/\\\/mecsekgyongye.hu\\\/a-mecsekgyongye-apartmanhaz-uzemeltetoi\\\/#primaryimage\",\"url\":\"https:\\\/\\\/mecsekgyongye.hu\\\/wp-content\\\/uploads\\\/2021\\\/02\\\/csalad-2020-1536x1536.jpg\",\"contentUrl\":\"https:\\\/\\\/mecsekgyongye.hu\\\/wp-content\\\/uploads\\\/2021\\\/02\\\/csalad-2020-1536x1536.jpg\"},{\"@type\":\"BreadcrumbList\",\"@id\":\"https:\\\/\\\/mecsekgyongye.hu\\\/a-mecsekgyongye-apartmanhaz-uzemeltetoi\\\/#breadcrumb\",\"itemListElement\":[{\"@type\":\"ListItem\",\"position\":1,\"name\":\"Kezd\u0151lap\",\"item\":\"https:\\\/\\\/mecsekgyongye.hu\\\/\"},{\"@type\":\"ListItem\",\"position\":2,\"name\":\"R\u00f3lunk\"}]},{\"@type\":\"WebSite\",\"@id\":\"https:\\\/\\\/mecsekgyongye.hu\\\/#website\",\"url\":\"https:\\\/\\\/mecsekgyongye.hu\\\/\",\"name\":\"Mecsekgy\u00f6ngye Apartmanh\u00e1z\",\"description\":\"\",\"publisher\":{\"@id\":\"https:\\\/\\\/mecsekgyongye.hu\\\/#organization\"},\"potentialAction\":[{\"@type\":\"SearchAction\",\"target\":{\"@type\":\"EntryPoint\",\"urlTemplate\":\"https:\\\/\\\/mecsekgyongye.hu\\\/?s={search_term_string}\"},\"query-input\":{\"@type\":\"PropertyValueSpecification\",\"valueRequired\":true,\"valueName\":\"search_term_string\"}}],\"inLanguage\":\"en-US\"},{\"@type\":\"Organization\",\"@id\":\"https:\\\/\\\/mecsekgyongye.hu\\\/#organization\",\"name\":\"Mecsekgy\u00f6ngye Apartmanh\u00e1z\",\"url\":\"https:\\\/\\\/mecsekgyongye.hu\\\/\",\"logo\":{\"@type\":\"ImageObject\",\"inLanguage\":\"en-US\",\"@id\":\"https:\\\/\\\/mecsekgyongye.hu\\\/#\\\/schema\\\/logo\\\/image\\\/\",\"url\":\"https:\\\/\\\/mecsekgyongye.hu\\\/wp-content\\\/uploads\\\/2021\\\/03\\\/2021-logo-clear-sEtat-vil\u2020gos-keret.png\",\"contentUrl\":\"https:\\\/\\\/mecsekgyongye.hu\\\/wp-content\\\/uploads\\\/2021\\\/03\\\/2021-logo-clear-sEtat-vil\u2020gos-keret.png\",\"caption\":\"Mecsekgy\u00f6ngye Apartmanh\u00e1z\"},\"image\":{\"@id\":\"https:\\\/\\\/mecsekgyongye.hu\\\/#\\\/schema\\\/logo\\\/image\\\/\"}}]}<\/script>\n<!-- \/ Yoast SEO plugin. -->","yoast_head_json":{"title":"R\u00f3lunk - Mecsekgy\u00f6ngye Apartmanh\u00e1z mecsekgyongye.hu Apartmanh\u00e1z","description":"A Mecsekgy\u00f6ngye Apartmanh\u00e1z alap\u00edt\u00f3ir\u00f3l, csal\u00e1djukr\u00f3l \u00e9s a siker\u00fck titk\u00e1r\u00f3l...","robots":{"index":"index","follow":"follow","max-snippet":"max-snippet:-1","max-image-preview":"max-image-preview:large","max-video-preview":"max-video-preview:-1"},"canonical":"https:\/\/mecsekgyongye.hu\/en\/a-mecsekgyongye-apartmanhaz-uzemeltetoi\/","og_locale":"en_US","og_type":"article","og_title":"R\u00f3lunk - Mecsekgy\u00f6ngye Apartmanh\u00e1z mecsekgyongye.hu Apartmanh\u00e1z","og_description":"A Mecsekgy\u00f6ngye Apartmanh\u00e1z alap\u00edt\u00f3ir\u00f3l, csal\u00e1djukr\u00f3l \u00e9s a siker\u00fck titk\u00e1r\u00f3l...","og_url":"https:\/\/mecsekgyongye.hu\/en\/a-mecsekgyongye-apartmanhaz-uzemeltetoi\/","og_site_name":"Mecsekgy\u00f6ngye Apartmanh\u00e1z","article_modified_time":"2021-03-15T17:33:19+00:00","og_image":[{"url":"https:\/\/mecsekgyongye.hu\/wp-content\/uploads\/2021\/02\/csalad-2020-1536x1536.jpg","type":"","width":"","height":""}],"twitter_card":"summary_large_image","twitter_misc":{"Est. reading time":"1 minute"},"schema":{"@context":"https:\/\/schema.org","@graph":[{"@type":"WebPage","@id":"https:\/\/mecsekgyongye.hu\/a-mecsekgyongye-apartmanhaz-uzemeltetoi\/","url":"https:\/\/mecsekgyongye.hu\/a-mecsekgyongye-apartmanhaz-uzemeltetoi\/","name":"R\u00f3lunk - Mecsekgy\u00f6ngye Apartmanh\u00e1z mecsekgyongye.hu Apartmanh\u00e1z","isPartOf":{"@id":"https:\/\/mecsekgyongye.hu\/#website"},"primaryImageOfPage":{"@id":"https:\/\/mecsekgyongye.hu\/a-mecsekgyongye-apartmanhaz-uzemeltetoi\/#primaryimage"},"image":{"@id":"https:\/\/mecsekgyongye.hu\/a-mecsekgyongye-apartmanhaz-uzemeltetoi\/#primaryimage"},"thumbnailUrl":"https:\/\/mecsekgyongye.hu\/wp-content\/uploads\/2021\/02\/csalad-2020-1536x1536.jpg","datePublished":"2021-02-09T09:04:41+00:00","dateModified":"2021-03-15T17:33:19+00:00","description":"A Mecsekgy\u00f6ngye Apartmanh\u00e1z alap\u00edt\u00f3ir\u00f3l, csal\u00e1djukr\u00f3l \u00e9s a siker\u00fck titk\u00e1r\u00f3l...","breadcrumb":{"@id":"https:\/\/mecsekgyongye.hu\/a-mecsekgyongye-apartmanhaz-uzemeltetoi\/#breadcrumb"},"inLanguage":"en-US","potentialAction":[{"@type":"ReadAction","target":["https:\/\/mecsekgyongye.hu\/a-mecsekgyongye-apartmanhaz-uzemeltetoi\/"]}]},{"@type":"ImageObject","inLanguage":"en-US","@id":"https:\/\/mecsekgyongye.hu\/a-mecsekgyongye-apartmanhaz-uzemeltetoi\/#primaryimage","url":"https:\/\/mecsekgyongye.hu\/wp-content\/uploads\/2021\/02\/csalad-2020-1536x1536.jpg","contentUrl":"https:\/\/mecsekgyongye.hu\/wp-content\/uploads\/2021\/02\/csalad-2020-1536x1536.jpg"},{"@type":"BreadcrumbList","@id":"https:\/\/mecsekgyongye.hu\/a-mecsekgyongye-apartmanhaz-uzemeltetoi\/#breadcrumb","itemListElement":[{"@type":"ListItem","position":1,"name":"Kezd\u0151lap","item":"https:\/\/mecsekgyongye.hu\/"},{"@type":"ListItem","position":2,"name":"R\u00f3lunk"}]},{"@type":"WebSite","@id":"https:\/\/mecsekgyongye.hu\/#website","url":"https:\/\/mecsekgyongye.hu\/","name":"Mecsekgy\u00f6ngye Apartmanh\u00e1z","description":"","publisher":{"@id":"https:\/\/mecsekgyongye.hu\/#organization"},"potentialAction":[{"@type":"SearchAction","target":{"@type":"EntryPoint","urlTemplate":"https:\/\/mecsekgyongye.hu\/?s={search_term_string}"},"query-input":{"@type":"PropertyValueSpecification","valueRequired":true,"valueName":"search_term_string"}}],"inLanguage":"en-US"},{"@type":"Organization","@id":"https:\/\/mecsekgyongye.hu\/#organization","name":"Mecsekgy\u00f6ngye Apartmanh\u00e1z","url":"https:\/\/mecsekgyongye.hu\/","logo":{"@type":"ImageObject","inLanguage":"en-US","@id":"https:\/\/mecsekgyongye.hu\/#\/schema\/logo\/image\/","url":"https:\/\/mecsekgyongye.hu\/wp-content\/uploads\/2021\/03\/2021-logo-clear-sEtat-vil\u2020gos-keret.png","contentUrl":"https:\/\/mecsekgyongye.hu\/wp-content\/uploads\/2021\/03\/2021-logo-clear-sEtat-vil\u2020gos-keret.png","caption":"Mecsekgy\u00f6ngye Apartmanh\u00e1z"},"image":{"@id":"https:\/\/mecsekgyongye.hu\/#\/schema\/logo\/image\/"}}]}},"_links":{"self":[{"href":"https:\/\/mecsekgyongye.hu\/en\/wp-json\/wp\/v2\/pages\/68","targetHints":{"allow":["GET"]}}],"collection":[{"href":"https:\/\/mecsekgyongye.hu\/en\/wp-json\/wp\/v2\/pages"}],"about":[{"href":"https:\/\/mecsekgyongye.hu\/en\/wp-json\/wp\/v2\/types\/page"}],"author":[{"embeddable":true,"href":"https:\/\/mecsekgyongye.hu\/en\/wp-json\/wp\/v2\/users\/1"}],"replies":[{"embeddable":true,"href":"https:\/\/mecsekgyongye.hu\/en\/wp-json\/wp\/v2\/comments?post=68"}],"version-history":[{"count":27,"href":"https:\/\/mecsekgyongye.hu\/en\/wp-json\/wp\/v2\/pages\/68\/revisions"}],"predecessor-version":[{"id":515,"href":"https:\/\/mecsekgyongye.hu\/en\/wp-json\/wp\/v2\/pages\/68\/revisions\/515"}],"wp:attachment":[{"href":"https:\/\/mecsekgyongye.hu\/en\/wp-json\/wp\/v2\/media?parent=68"}],"curies":[{"name":"wp","href":"https:\/\/api.w.org\/{rel}","templated":true}]}}