{"id":66,"date":"2021-02-09T10:04:41","date_gmt":"2021-02-09T09:04:41","guid":{"rendered":"https:\/\/mecsekgyongye.hu\/contact\/"},"modified":"2021-03-17T14:06:55","modified_gmt":"2021-03-17T13:06:55","slug":"kapcsolat","status":"publish","type":"page","link":"https:\/\/mecsekgyongye.hu\/en\/kapcsolat\/","title":{"rendered":"Contact"},"content":{"rendered":"\t\t<div data-elementor-type=\"wp-page\" data-elementor-id=\"66\" class=\"elementor elementor-66\">\n\t\t\t\t\t\t<section class=\"elementor-section elementor-top-section elementor-element elementor-element-d71c7a7 elementor-section-boxed elementor-section-height-default elementor-section-height-default\" data-id=\"d71c7a7\" data-element_type=\"section\" data-e-type=\"section\">\n\t\t\t\t\t\t<div class=\"elementor-container elementor-column-gap-default\">\n\t\t\t\t\t<div class=\"elementor-column elementor-col-66 elementor-top-column elementor-element elementor-element-a46ba72\" data-id=\"a46ba72\" data-element_type=\"column\" data-e-type=\"column\">\n\t\t\t<div class=\"elementor-widget-wrap elementor-element-populated\">\n\t\t\t\t\t\t<div class=\"elementor-element elementor-element-6bc828c elementor-widget elementor-widget-heading\" data-id=\"6bc828c\" data-element_type=\"widget\" data-e-type=\"widget\" data-widget_type=\"heading.default\">\n\t\t\t\t<div class=\"elementor-widget-container\">\n\t\t\t\t\t<h1 class=\"elementor-heading-title elementor-size-default\"><span style=\"font-size: inherit;margin: 0px 0px 15px;line-height: 1.618;white-space: normal\">Kapcsolat<\/span><\/h1>\t\t\t\t<\/div>\n\t\t\t\t<\/div>\n\t\t\t\t<div class=\"elementor-element elementor-element-60f89c5 elementor-widget elementor-widget-heading\" data-id=\"60f89c5\" data-element_type=\"widget\" data-e-type=\"widget\" data-widget_type=\"heading.default\">\n\t\t\t\t<div class=\"elementor-widget-container\">\n\t\t\t\t\t<h4 class=\"elementor-heading-title elementor-size-default\">\u00cdrjon nek\u00fcnk \u00fczenetet!<\/h4>\t\t\t\t<\/div>\n\t\t\t\t<\/div>\n\t\t\t\t<div class=\"elementor-element elementor-element-ae42c58 elementor-widget elementor-widget-wpforms\" data-id=\"ae42c58\" data-element_type=\"widget\" data-e-type=\"widget\" data-widget_type=\"wpforms.default\">\n\t\t\t\t<div class=\"elementor-widget-container\">\n\t\t\t\t\t<div class=\"wpforms-container wpforms-container-full\" id=\"wpforms-124\"><form id=\"wpforms-form-124\" class=\"wpforms-validate wpforms-form wpforms-ajax-form\" data-formid=\"124\" method=\"post\" enctype=\"multipart\/form-data\" action=\"\/en\/wp-json\/wp\/v2\/pages\/66\" data-token=\"7981cb1df7c8956eac82d71c5188f967\" data-token-time=\"1778332600\"><noscript class=\"wpforms-error-noscript\">Please enable JavaScript in your browser to complete this form.<\/noscript><div class=\"wpforms-field-container\"><div id=\"wpforms-124-field_0-container\" class=\"wpforms-field wpforms-field-name wpforms-one-half wpforms-first\" data-field-id=\"0\"><label class=\"wpforms-field-label wpforms-label-hide\" for=\"wpforms-124-field_0\">N\u00e9v <span class=\"wpforms-required-label\">*<\/span><\/label><input type=\"text\" id=\"wpforms-124-field_0\" class=\"wpforms-field-large wpforms-field-required\" name=\"wpforms[fields][0]\" placeholder=\"N\u00e9v\" required><\/div><div id=\"wpforms-124-field_3-container\" class=\"wpforms-field wpforms-field-email wpforms-one-half\" data-field-id=\"3\"><label class=\"wpforms-field-label wpforms-label-hide\" for=\"wpforms-124-field_3\">E-mail <span class=\"wpforms-required-label\">*<\/span><\/label><input type=\"email\" id=\"wpforms-124-field_3\" class=\"wpforms-field-large wpforms-field-required\" name=\"wpforms[fields][3]\" placeholder=\"V\u00e1lasz e-mail c\u00edm\" spellcheck=\"false\" required><\/div><div id=\"wpforms-124-field_5-container\" class=\"wpforms-field wpforms-field-select wpforms-field-select-style-modern\" data-field-id=\"5\"><label class=\"wpforms-field-label wpforms-label-hide\" for=\"wpforms-124-field_5\">T\u00e1rgy <span class=\"wpforms-required-label\">*<\/span><\/label><select id=\"wpforms-124-field_5\" class=\"wpforms-field-large wpforms-field-required choicesjs-select\" data-size-class=\"wpforms-field-row wpforms-field-large\" data-search-enabled=\"\" name=\"wpforms[fields][5]\" required=\"required\"><option value=\"\" class=\"placeholder\" disabled  selected='selected'>K\u00e9rj\u00fck v\u00e1lasszon t\u00e1rgyat!<\/option><option value=\"Apartmanokkal val\u00f3 k\u00e9rd\u00e9s\"  class=\"choice-1 depth-1\"  >Apartmanokkal val\u00f3 k\u00e9rd\u00e9s<\/option><option value=\"Foglal\u00e1si ig\u00e9ny\"  class=\"choice-2 depth-1\"  >Foglal\u00e1si ig\u00e9ny<\/option><option value=\"Egy\u00e9b\"  class=\"choice-3 depth-1\"  >Egy\u00e9b<\/option><\/select><\/div><div id=\"wpforms-124-field_8-container\" class=\"wpforms-field wpforms-field-text\" data-field-id=\"8\"><label class=\"wpforms-field-label wpforms-label-hide\" for=\"wpforms-124-field_8\">Telefonsz\u00e1m <span class=\"wpforms-required-label\">*<\/span><\/label><input type=\"text\" id=\"wpforms-124-field_8\" class=\"wpforms-field-medium wpforms-field-required\" name=\"wpforms[fields][8]\" placeholder=\"K\u00e9rj\u00fck adja meg telefonsz\u00e1m\u00e1t\" required><\/div><div id=\"wpforms-124-field_2-container\" class=\"wpforms-field wpforms-field-textarea\" data-field-id=\"2\"><label class=\"wpforms-field-label wpforms-label-hide\" for=\"wpforms-124-field_2\">\u00dczenet <span class=\"wpforms-required-label\">*<\/span><\/label><textarea id=\"wpforms-124-field_2\" class=\"wpforms-field-medium wpforms-field-required\" name=\"wpforms[fields][2]\" placeholder=\"\u00cdrja ide \u00fczenet\u00e9t\" required><\/textarea><\/div><div id=\"wpforms-124-field_6-container\" class=\"wpforms-field wpforms-field-number\" data-field-id=\"6\"><label class=\"wpforms-field-label\" for=\"wpforms-124-field_6\">Numbers<\/label><input type=\"number\" id=\"wpforms-124-field_6\" class=\"wpforms-field-medium\" name=\"wpforms[fields][6]\" step=\"any\" ><\/div><\/div><!-- .wpforms-field-container --><div class=\"wpforms-submit-container\" ><input type=\"hidden\" name=\"wpforms[id]\" value=\"124\"><input type=\"hidden\" name=\"page_title\" value=\"\"><input type=\"hidden\" name=\"page_url\" value=\"https:\/\/mecsekgyongye.hu\/en\/wp-json\/wp\/v2\/pages\/66\"><input type=\"hidden\" name=\"url_referer\" value=\"\"><button type=\"submit\" name=\"wpforms[submit]\" id=\"wpforms-submit-124\" class=\"wpforms-submit\" data-alt-text=\"K\u00fcld\u00e9s...\" data-submit-text=\"\u00dczenet k\u00fcld\u00e9se\" aria-live=\"assertive\" value=\"wpforms-submit\">\u00dczenet k\u00fcld\u00e9se<\/button><img decoding=\"async\" src=\"https:\/\/mecsekgyongye.hu\/wp-content\/plugins\/wpforms-lite\/assets\/images\/submit-spin.svg\" class=\"wpforms-submit-spinner\" style=\"display: none;\" width=\"26\" height=\"26\" alt=\"Loading\"><\/div><\/form><\/div>  <!-- .wpforms-container -->\t\t\t\t<\/div>\n\t\t\t\t<\/div>\n\t\t\t\t\t<\/div>\n\t\t<\/div>\n\t\t\t\t<div class=\"elementor-column elementor-col-33 elementor-top-column elementor-element elementor-element-8ac6c19\" data-id=\"8ac6c19\" data-element_type=\"column\" data-e-type=\"column\">\n\t\t\t<div class=\"elementor-widget-wrap elementor-element-populated\">\n\t\t\t\t\t\t<div class=\"elementor-element elementor-element-941a51f elementor-widget elementor-widget-image\" data-id=\"941a51f\" data-element_type=\"widget\" data-e-type=\"widget\" data-widget_type=\"image.default\">\n\t\t\t\t<div class=\"elementor-widget-container\">\n\t\t\t\t\t\t\t\t\t\t\t\t\t\t\t<img fetchpriority=\"high\" decoding=\"async\" width=\"1536\" height=\"1536\" src=\"https:\/\/mecsekgyongye.hu\/wp-content\/uploads\/2021\/02\/csalad-2020-1536x1536.jpg\" class=\"attachment-1536x1536 size-1536x1536 wp-image-102\" alt=\"\" srcset=\"https:\/\/mecsekgyongye.hu\/wp-content\/uploads\/2021\/02\/csalad-2020-1536x1536.jpg 1536w, https:\/\/mecsekgyongye.hu\/wp-content\/uploads\/2021\/02\/csalad-2020-300x300.jpg 300w, https:\/\/mecsekgyongye.hu\/wp-content\/uploads\/2021\/02\/csalad-2020-1024x1024.jpg 1024w, https:\/\/mecsekgyongye.hu\/wp-content\/uploads\/2021\/02\/csalad-2020-150x150.jpg 150w, https:\/\/mecsekgyongye.hu\/wp-content\/uploads\/2021\/02\/csalad-2020-768x768.jpg 768w, https:\/\/mecsekgyongye.hu\/wp-content\/uploads\/2021\/02\/csalad-2020-2048x2048.jpg 2048w\" sizes=\"(max-width: 1536px) 100vw, 1536px\" \/>\t\t\t\t\t\t\t\t\t\t\t\t\t\t\t<\/div>\n\t\t\t\t<\/div>\n\t\t\t\t<div class=\"elementor-element elementor-element-779e24a elementor-widget elementor-widget-heading\" data-id=\"779e24a\" data-element_type=\"widget\" data-e-type=\"widget\" data-widget_type=\"heading.default\">\n\t\t\t\t<div class=\"elementor-widget-container\">\n\t\t\t\t\t<h1 class=\"elementor-heading-title elementor-size-default\">Mecsek Gy\u00f6ngye Apartmanh\u00e1z<\/h1>\t\t\t\t<\/div>\n\t\t\t\t<\/div>\n\t\t\t\t<div class=\"elementor-element elementor-element-75d475c elementor-widget elementor-widget-text-editor\" data-id=\"75d475c\" data-element_type=\"widget\" data-e-type=\"widget\" data-widget_type=\"text-editor.default\">\n\t\t\t\t<div class=\"elementor-widget-container\">\n\t\t\t\t\t\t\t\t\t<h1 style=\"text-align: center;\"><b style=\"font-size: inherit; font-family: Roboto, Helvetica, Arial, sans-serif;\">C\u00edm\u00fcnk<\/b><span style=\"font-size: inherit; font-family: Roboto, Helvetica, Arial, sans-serif;\">:&nbsp;<\/span><br><\/h1>\n<p style=\"text-align: center;\"><span style=\"font-size: inherit;\">P\u00e9cs-Mecsekszentk\u00fat, Erd\u00e9szh\u00e1z 1.<\/span><\/p>\n<p style=\"text-align: center;\"><b>Telefon<\/b>:<\/p>\n<p style=\"text-align: center;\"><span style=\"font-size: inherit;\">+36 70 333 2323<\/span><\/p>\t\t\t\t\t\t\t\t<\/div>\n\t\t\t\t<\/div>\n\t\t\t\t\t<\/div>\n\t\t<\/div>\n\t\t\t\t\t<\/div>\n\t\t<\/section>\n\t\t\t\t<section class=\"elementor-section elementor-top-section elementor-element elementor-element-5e0d25e elementor-section-full_width elementor-section-height-default elementor-section-height-default\" data-id=\"5e0d25e\" data-element_type=\"section\" data-e-type=\"section\">\n\t\t\t\t\t\t<div class=\"elementor-container elementor-column-gap-default\">\n\t\t\t\t\t<div class=\"elementor-column elementor-col-100 elementor-top-column elementor-element elementor-element-aff7284\" data-id=\"aff7284\" data-element_type=\"column\" data-e-type=\"column\">\n\t\t\t<div class=\"elementor-widget-wrap elementor-element-populated\">\n\t\t\t\t\t\t<div class=\"elementor-element elementor-element-0c92b97 elementor-widget elementor-widget-google_maps\" data-id=\"0c92b97\" data-element_type=\"widget\" data-e-type=\"widget\" data-widget_type=\"google_maps.default\">\n\t\t\t\t<div class=\"elementor-widget-container\">\n\t\t\t\t\t\t\t<div class=\"elementor-custom-embed\">\n\t\t\t<iframe loading=\"lazy\"\n\t\t\t\t\tsrc=\"https:\/\/maps.google.com\/maps?q=Mecsekgy%C3%B6ngye%20apartmanh%C3%A1z&#038;t=m&#038;z=8&#038;output=embed&#038;iwloc=near\"\n\t\t\t\t\ttitle=\"Mecsekgy\u00f6ngye apartmanh\u00e1z\"\n\t\t\t\t\taria-label=\"Mecsekgy\u00f6ngye apartmanh\u00e1z\"\n\t\t\t><\/iframe>\n\t\t<\/div>\n\t\t\t\t\t\t<\/div>\n\t\t\t\t<\/div>\n\t\t\t\t\t<\/div>\n\t\t<\/div>\n\t\t\t\t\t<\/div>\n\t\t<\/section>\n\t\t\t\t<\/div>\n\t\t","protected":false},"excerpt":{"rendered":"<p>Kapcsolat \u00cdrjon nek\u00fcnk \u00fczenetet! Mecsek Gy\u00f6ngye Apartmanh\u00e1z C\u00edm\u00fcnk:&nbsp; P\u00e9cs-Mecsekszentk\u00fat, Erd\u00e9szh\u00e1z 1. Telefon: +36 70 333 2323<\/p>","protected":false},"author":1,"featured_media":0,"parent":0,"menu_order":0,"comment_status":"closed","ping_status":"closed","template":"page-templates\/template-pagebuilder-full-width.php","meta":{"footnotes":""},"class_list":["post-66","page","type-page","status-publish","hentry"],"yoast_head":"<!-- This site is optimized with the Yoast SEO plugin v27.5 - https:\/\/yoast.com\/product\/yoast-seo-wordpress\/ -->\n<title>Kapcsolat - Mecsekgy\u00f6ngye Apartmanh\u00e1z<\/title>\n<meta name=\"robots\" content=\"index, follow, max-snippet:-1, max-image-preview:large, max-video-preview:-1\" \/>\n<link rel=\"canonical\" href=\"https:\/\/mecsekgyongye.hu\/en\/kapcsolat\/\" \/>\n<meta property=\"og:locale\" content=\"en_US\" \/>\n<meta property=\"og:type\" content=\"article\" \/>\n<meta property=\"og:title\" content=\"Kapcsolat - Mecsekgy\u00f6ngye Apartmanh\u00e1z\" \/>\n<meta property=\"og:description\" content=\"Kapcsolat \u00cdrjon nek\u00fcnk \u00fczenetet! Mecsek Gy\u00f6ngye Apartmanh\u00e1z C\u00edm\u00fcnk:&nbsp; P\u00e9cs-Mecsekszentk\u00fat, Erd\u00e9szh\u00e1z 1. Telefon: +36 70 333 2323\" \/>\n<meta property=\"og:url\" content=\"https:\/\/mecsekgyongye.hu\/en\/kapcsolat\/\" \/>\n<meta property=\"og:site_name\" content=\"Mecsekgy\u00f6ngye Apartmanh\u00e1z\" \/>\n<meta property=\"article:modified_time\" content=\"2021-03-17T13:06:55+00:00\" \/>\n<meta property=\"og:image\" content=\"https:\/\/mecsekgyongye.hu\/wp-content\/uploads\/2021\/02\/csalad-2020-1536x1536.jpg\" \/>\n<meta name=\"twitter:card\" content=\"summary_large_image\" \/>\n<meta name=\"twitter:label1\" content=\"Est. reading time\" \/>\n\t<meta name=\"twitter:data1\" content=\"1 minute\" \/>\n<script type=\"application\/ld+json\" class=\"yoast-schema-graph\">{\"@context\":\"https:\\\/\\\/schema.org\",\"@graph\":[{\"@type\":\"WebPage\",\"@id\":\"https:\\\/\\\/mecsekgyongye.hu\\\/kapcsolat\\\/\",\"url\":\"https:\\\/\\\/mecsekgyongye.hu\\\/kapcsolat\\\/\",\"name\":\"Kapcsolat - Mecsekgy\u00f6ngye Apartmanh\u00e1z\",\"isPartOf\":{\"@id\":\"https:\\\/\\\/mecsekgyongye.hu\\\/#website\"},\"primaryImageOfPage\":{\"@id\":\"https:\\\/\\\/mecsekgyongye.hu\\\/kapcsolat\\\/#primaryimage\"},\"image\":{\"@id\":\"https:\\\/\\\/mecsekgyongye.hu\\\/kapcsolat\\\/#primaryimage\"},\"thumbnailUrl\":\"https:\\\/\\\/mecsekgyongye.hu\\\/wp-content\\\/uploads\\\/2021\\\/02\\\/csalad-2020-1536x1536.jpg\",\"datePublished\":\"2021-02-09T09:04:41+00:00\",\"dateModified\":\"2021-03-17T13:06:55+00:00\",\"breadcrumb\":{\"@id\":\"https:\\\/\\\/mecsekgyongye.hu\\\/kapcsolat\\\/#breadcrumb\"},\"inLanguage\":\"en-US\",\"potentialAction\":[{\"@type\":\"ReadAction\",\"target\":[\"https:\\\/\\\/mecsekgyongye.hu\\\/kapcsolat\\\/\"]}]},{\"@type\":\"ImageObject\",\"inLanguage\":\"en-US\",\"@id\":\"https:\\\/\\\/mecsekgyongye.hu\\\/kapcsolat\\\/#primaryimage\",\"url\":\"https:\\\/\\\/mecsekgyongye.hu\\\/wp-content\\\/uploads\\\/2021\\\/02\\\/csalad-2020-1536x1536.jpg\",\"contentUrl\":\"https:\\\/\\\/mecsekgyongye.hu\\\/wp-content\\\/uploads\\\/2021\\\/02\\\/csalad-2020-1536x1536.jpg\"},{\"@type\":\"BreadcrumbList\",\"@id\":\"https:\\\/\\\/mecsekgyongye.hu\\\/kapcsolat\\\/#breadcrumb\",\"itemListElement\":[{\"@type\":\"ListItem\",\"position\":1,\"name\":\"Kezd\u0151lap\",\"item\":\"https:\\\/\\\/mecsekgyongye.hu\\\/\"},{\"@type\":\"ListItem\",\"position\":2,\"name\":\"Kapcsolat\"}]},{\"@type\":\"WebSite\",\"@id\":\"https:\\\/\\\/mecsekgyongye.hu\\\/#website\",\"url\":\"https:\\\/\\\/mecsekgyongye.hu\\\/\",\"name\":\"Mecsekgy\u00f6ngye Apartmanh\u00e1z\",\"description\":\"\",\"publisher\":{\"@id\":\"https:\\\/\\\/mecsekgyongye.hu\\\/#organization\"},\"potentialAction\":[{\"@type\":\"SearchAction\",\"target\":{\"@type\":\"EntryPoint\",\"urlTemplate\":\"https:\\\/\\\/mecsekgyongye.hu\\\/?s={search_term_string}\"},\"query-input\":{\"@type\":\"PropertyValueSpecification\",\"valueRequired\":true,\"valueName\":\"search_term_string\"}}],\"inLanguage\":\"en-US\"},{\"@type\":\"Organization\",\"@id\":\"https:\\\/\\\/mecsekgyongye.hu\\\/#organization\",\"name\":\"Mecsekgy\u00f6ngye Apartmanh\u00e1z\",\"url\":\"https:\\\/\\\/mecsekgyongye.hu\\\/\",\"logo\":{\"@type\":\"ImageObject\",\"inLanguage\":\"en-US\",\"@id\":\"https:\\\/\\\/mecsekgyongye.hu\\\/#\\\/schema\\\/logo\\\/image\\\/\",\"url\":\"https:\\\/\\\/mecsekgyongye.hu\\\/wp-content\\\/uploads\\\/2021\\\/03\\\/2021-logo-clear-sEtat-vil\u2020gos-keret.png\",\"contentUrl\":\"https:\\\/\\\/mecsekgyongye.hu\\\/wp-content\\\/uploads\\\/2021\\\/03\\\/2021-logo-clear-sEtat-vil\u2020gos-keret.png\",\"caption\":\"Mecsekgy\u00f6ngye Apartmanh\u00e1z\"},\"image\":{\"@id\":\"https:\\\/\\\/mecsekgyongye.hu\\\/#\\\/schema\\\/logo\\\/image\\\/\"}}]}<\/script>\n<!-- \/ Yoast SEO plugin. -->","yoast_head_json":{"title":"Kapcsolat - Mecsekgy\u00f6ngye Apartmanh\u00e1z","robots":{"index":"index","follow":"follow","max-snippet":"max-snippet:-1","max-image-preview":"max-image-preview:large","max-video-preview":"max-video-preview:-1"},"canonical":"https:\/\/mecsekgyongye.hu\/en\/kapcsolat\/","og_locale":"en_US","og_type":"article","og_title":"Kapcsolat - Mecsekgy\u00f6ngye Apartmanh\u00e1z","og_description":"Kapcsolat \u00cdrjon nek\u00fcnk \u00fczenetet! Mecsek Gy\u00f6ngye Apartmanh\u00e1z C\u00edm\u00fcnk:&nbsp; P\u00e9cs-Mecsekszentk\u00fat, Erd\u00e9szh\u00e1z 1. Telefon: +36 70 333 2323","og_url":"https:\/\/mecsekgyongye.hu\/en\/kapcsolat\/","og_site_name":"Mecsekgy\u00f6ngye Apartmanh\u00e1z","article_modified_time":"2021-03-17T13:06:55+00:00","og_image":[{"url":"https:\/\/mecsekgyongye.hu\/wp-content\/uploads\/2021\/02\/csalad-2020-1536x1536.jpg","type":"","width":"","height":""}],"twitter_card":"summary_large_image","twitter_misc":{"Est. reading time":"1 minute"},"schema":{"@context":"https:\/\/schema.org","@graph":[{"@type":"WebPage","@id":"https:\/\/mecsekgyongye.hu\/kapcsolat\/","url":"https:\/\/mecsekgyongye.hu\/kapcsolat\/","name":"Kapcsolat - Mecsekgy\u00f6ngye Apartmanh\u00e1z","isPartOf":{"@id":"https:\/\/mecsekgyongye.hu\/#website"},"primaryImageOfPage":{"@id":"https:\/\/mecsekgyongye.hu\/kapcsolat\/#primaryimage"},"image":{"@id":"https:\/\/mecsekgyongye.hu\/kapcsolat\/#primaryimage"},"thumbnailUrl":"https:\/\/mecsekgyongye.hu\/wp-content\/uploads\/2021\/02\/csalad-2020-1536x1536.jpg","datePublished":"2021-02-09T09:04:41+00:00","dateModified":"2021-03-17T13:06:55+00:00","breadcrumb":{"@id":"https:\/\/mecsekgyongye.hu\/kapcsolat\/#breadcrumb"},"inLanguage":"en-US","potentialAction":[{"@type":"ReadAction","target":["https:\/\/mecsekgyongye.hu\/kapcsolat\/"]}]},{"@type":"ImageObject","inLanguage":"en-US","@id":"https:\/\/mecsekgyongye.hu\/kapcsolat\/#primaryimage","url":"https:\/\/mecsekgyongye.hu\/wp-content\/uploads\/2021\/02\/csalad-2020-1536x1536.jpg","contentUrl":"https:\/\/mecsekgyongye.hu\/wp-content\/uploads\/2021\/02\/csalad-2020-1536x1536.jpg"},{"@type":"BreadcrumbList","@id":"https:\/\/mecsekgyongye.hu\/kapcsolat\/#breadcrumb","itemListElement":[{"@type":"ListItem","position":1,"name":"Kezd\u0151lap","item":"https:\/\/mecsekgyongye.hu\/"},{"@type":"ListItem","position":2,"name":"Kapcsolat"}]},{"@type":"WebSite","@id":"https:\/\/mecsekgyongye.hu\/#website","url":"https:\/\/mecsekgyongye.hu\/","name":"Mecsekgy\u00f6ngye Apartmanh\u00e1z","description":"","publisher":{"@id":"https:\/\/mecsekgyongye.hu\/#organization"},"potentialAction":[{"@type":"SearchAction","target":{"@type":"EntryPoint","urlTemplate":"https:\/\/mecsekgyongye.hu\/?s={search_term_string}"},"query-input":{"@type":"PropertyValueSpecification","valueRequired":true,"valueName":"search_term_string"}}],"inLanguage":"en-US"},{"@type":"Organization","@id":"https:\/\/mecsekgyongye.hu\/#organization","name":"Mecsekgy\u00f6ngye Apartmanh\u00e1z","url":"https:\/\/mecsekgyongye.hu\/","logo":{"@type":"ImageObject","inLanguage":"en-US","@id":"https:\/\/mecsekgyongye.hu\/#\/schema\/logo\/image\/","url":"https:\/\/mecsekgyongye.hu\/wp-content\/uploads\/2021\/03\/2021-logo-clear-sEtat-vil\u2020gos-keret.png","contentUrl":"https:\/\/mecsekgyongye.hu\/wp-content\/uploads\/2021\/03\/2021-logo-clear-sEtat-vil\u2020gos-keret.png","caption":"Mecsekgy\u00f6ngye Apartmanh\u00e1z"},"image":{"@id":"https:\/\/mecsekgyongye.hu\/#\/schema\/logo\/image\/"}}]}},"_links":{"self":[{"href":"https:\/\/mecsekgyongye.hu\/en\/wp-json\/wp\/v2\/pages\/66","targetHints":{"allow":["GET"]}}],"collection":[{"href":"https:\/\/mecsekgyongye.hu\/en\/wp-json\/wp\/v2\/pages"}],"about":[{"href":"https:\/\/mecsekgyongye.hu\/en\/wp-json\/wp\/v2\/types\/page"}],"author":[{"embeddable":true,"href":"https:\/\/mecsekgyongye.hu\/en\/wp-json\/wp\/v2\/users\/1"}],"replies":[{"embeddable":true,"href":"https:\/\/mecsekgyongye.hu\/en\/wp-json\/wp\/v2\/comments?post=66"}],"version-history":[{"count":37,"href":"https:\/\/mecsekgyongye.hu\/en\/wp-json\/wp\/v2\/pages\/66\/revisions"}],"predecessor-version":[{"id":533,"href":"https:\/\/mecsekgyongye.hu\/en\/wp-json\/wp\/v2\/pages\/66\/revisions\/533"}],"wp:attachment":[{"href":"https:\/\/mecsekgyongye.hu\/en\/wp-json\/wp\/v2\/media?parent=66"}],"curies":[{"name":"wp","href":"https:\/\/api.w.org\/{rel}","templated":true}]}}